{"id":143,"date":"2026-05-14T09:43:31","date_gmt":"2026-05-14T09:43:31","guid":{"rendered":"https:\/\/niuhas.lt\/lt\/?post_type=product&#038;p=143"},"modified":"2026-05-14T15:16:40","modified_gmt":"2026-05-14T15:16:40","slug":"read-between-the-lines","status":"publish","type":"product","link":"https:\/\/niuhas.lt\/lt\/product\/read-between-the-lines\/","title":{"rendered":"READ BETWEEN THE LINES"},"content":{"rendered":"<h2>Apra\u0161ymas<\/h2>\n<p data-path-to-node=\"0\">\u201eRead Between The Lines\u201c mar\u0161kin\u0117liai skirti tiems, kurie puikiai \u017eino, kad \u012fdomiausi gyvenimo scenarijai ra\u0161omi ne knygose, o siauruose tarpeliuose ir idealiai lygiose para\u0161t\u0117se. Tai subtili u\u017euomina \u012f tavo geb\u0117jim\u0105 pasteb\u0117ti smulkiausias detales ten, kur kiti mato tik tu\u0161\u010di\u0105 viet\u0105. \u0160is drabu\u017eis idealiai tinka \u017emogui, kuris vertina precizi\u0161k\u0105 tikslum\u0105 ir turi t\u0105 ypating\u0105 \u201euosl\u0119\u201c geriems nuotykiams, kurie da\u017eniausiai prasideda ten, kur baigiasi kit\u0173 kantryb\u0117.<\/p>\n<p data-path-to-node=\"1\">Tai apranga asmenybei, kuri m\u0117gsta gilintis \u012f tekst\u016bras i\u0161 labai arti ir pasi\u017eymi pavyd\u0117tinu entuziazmu tyrin\u0117ti kiekvien\u0105 horizontali\u0105 linij\u0105. Nereikia joki\u0173 ilg\u0173 kalb\u0173 \u2013 \u0161ie mar\u0161kin\u0117liai patys pasako, kad tavo gyvenimo tempas yra auk\u0161to da\u017enio, o tavo d\u0117mesys detal\u0117ms yra toks a\u0161trus, jog kartais tiesiog sunku atitraukti nos\u012f. D\u0117v\u0117k juos kaip \u017eenkl\u0105, kad esi i\u0161 t\u0173, kurie visada \u017eino, kas slypi u\u017e matomo vaizdo, ir moka m\u0117gautis kiekviena mikroskopine akimirka iki pat pary\u010di\u0173.<\/p>\n","protected":false},"excerpt":{"rendered":"<h2 data-path-to-node=\"0\">Produkto specifikacijos<\/h2>\n<h3 data-path-to-node=\"1\">Med\u017eiagos<\/h3>\n<ul>\n<li data-path-to-node=\"2,0,0\">50% auk\u0161\u010diausios kokyb\u0117s medviln\u0117<\/li>\n<li data-path-to-node=\"2,0,0\">40% poliamidas (nailonas)<\/li>\n<li data-path-to-node=\"2,0,0\">10% elastanas (likra)<\/li>\n<\/ul>\n<h3 data-path-to-node=\"3\">Informacija ir prie\u017ei\u016bros instrukcijos<\/h3>\n<ul>\n<li data-path-to-node=\"4,0,0\"><b data-path-to-node=\"4,0,0\" data-index-in-node=\"0\">Modelis:<\/b> Standartinis europieti\u0161kas (EU) dydis (didesniam \u201eoversized\u201c \u012fvaizd\u017eiui rinkit\u0117s didesn\u012f dyd\u012f)<\/li>\n<li data-path-to-node=\"4,0,0\"><b data-path-to-node=\"4,1,0\" data-index-in-node=\"0\">Spalva:<\/b> Sodri juoda (blukimui atspar\u016bs reaktyvieji da\u017eai)<\/li>\n<li data-path-to-node=\"4,0,0\"><b data-path-to-node=\"4,2,0\" data-index-in-node=\"0\">Konstrukcija:<\/b> Skalbimo ma\u0161inai saugus logotipas ir spalvos i\u0161saugojimo technologija<\/li>\n<li data-path-to-node=\"4,0,0\"><b data-path-to-node=\"4,3,0\" data-index-in-node=\"0\">Skalbimas:<\/b> Skalbti skalbykl\u0117je ne auk\u0161tesn\u0117je kaip 40\u00b0C temperat\u016broje, kad i\u0161likt\u0173 audinio elastingumas ir si\u016bl\u0173 tvirtumas.<\/li>\n<li data-path-to-node=\"4,0,0\"><b data-path-to-node=\"4,4,0\" data-index-in-node=\"0\">D\u017eiovinimas:<\/b> Geriausiems rezultatams pasiekti d\u017eiovinkite patiesus horizontaliai. Venkite d\u017eiovykl\u0117s, kad kar\u0161tis nepa\u017eeist\u0173 elastano skaidul\u0173, o siuvin\u0117tos detal\u0117s i\u0161likt\u0173 nepriekai\u0161tingos formos.<\/li>\n<\/ul>\n","protected":false},"featured_media":0,"comment_status":"open","ping_status":"closed","template":"","meta":[],"product_brand":[],"product_cat":[15],"product_tag":[],"class_list":{"0":"post-143","1":"product","2":"type-product","3":"status-publish","5":"product_cat-uncategorized","7":"first","8":"instock","9":"shipping-taxable","10":"purchasable","11":"product-type-variable","12":"has-default-attributes"},"_links":{"self":[{"href":"https:\/\/niuhas.lt\/lt\/wp-json\/wp\/v2\/product\/143","targetHints":{"allow":["GET"]}}],"collection":[{"href":"https:\/\/niuhas.lt\/lt\/wp-json\/wp\/v2\/product"}],"about":[{"href":"https:\/\/niuhas.lt\/lt\/wp-json\/wp\/v2\/types\/product"}],"replies":[{"embeddable":true,"href":"https:\/\/niuhas.lt\/lt\/wp-json\/wp\/v2\/comments?post=143"}],"wp:attachment":[{"href":"https:\/\/niuhas.lt\/lt\/wp-json\/wp\/v2\/media?parent=143"}],"wp:term":[{"taxonomy":"product_brand","embeddable":true,"href":"https:\/\/niuhas.lt\/lt\/wp-json\/wp\/v2\/product_brand?post=143"},{"taxonomy":"product_cat","embeddable":true,"href":"https:\/\/niuhas.lt\/lt\/wp-json\/wp\/v2\/product_cat?post=143"},{"taxonomy":"product_tag","embeddable":true,"href":"https:\/\/niuhas.lt\/lt\/wp-json\/wp\/v2\/product_tag?post=143"}],"curies":[{"name":"wp","href":"https:\/\/api.w.org\/{rel}","templated":true}]}}