{"id":68,"date":"2026-04-15T11:39:46","date_gmt":"2026-04-15T11:39:46","guid":{"rendered":"https:\/\/niuhas.lt\/?page_id=68"},"modified":"2026-04-15T11:50:57","modified_gmt":"2026-04-15T11:50:57","slug":"home","status":"publish","type":"page","link":"https:\/\/niuhas.lt\/lt\/","title":{"rendered":"Pagrindinis"},"content":{"rendered":"<p>Sveiki. Redaguokite \u0161\u012f puslap\u012f ir prid\u0117kite \u012f\u017eang\u0105 apie parduotuv\u0119.<\/p>","protected":false},"excerpt":{"rendered":"<p>Sveiki. Redaguokite \u0161\u012f puslap\u012f ir prid\u0117kite \u012f\u017eang\u0105 apie parduotuv\u0119.<\/p>\n","protected":false},"author":1,"featured_media":0,"parent":0,"menu_order":0,"comment_status":"closed","ping_status":"closed","template":"","meta":{"footnotes":""},"class_list":["post-68","page","type-page","status-publish","hentry"],"_links":{"self":[{"href":"https:\/\/niuhas.lt\/lt\/wp-json\/wp\/v2\/pages\/68","targetHints":{"allow":["GET"]}}],"collection":[{"href":"https:\/\/niuhas.lt\/lt\/wp-json\/wp\/v2\/pages"}],"about":[{"href":"https:\/\/niuhas.lt\/lt\/wp-json\/wp\/v2\/types\/page"}],"author":[{"embeddable":true,"href":"https:\/\/niuhas.lt\/lt\/wp-json\/wp\/v2\/users\/1"}],"replies":[{"embeddable":true,"href":"https:\/\/niuhas.lt\/lt\/wp-json\/wp\/v2\/comments?post=68"}],"version-history":[{"count":1,"href":"https:\/\/niuhas.lt\/lt\/wp-json\/wp\/v2\/pages\/68\/revisions"}],"predecessor-version":[{"id":77,"href":"https:\/\/niuhas.lt\/lt\/wp-json\/wp\/v2\/pages\/68\/revisions\/77"}],"wp:attachment":[{"href":"https:\/\/niuhas.lt\/lt\/wp-json\/wp\/v2\/media?parent=68"}],"curies":[{"name":"wp","href":"https:\/\/api.w.org\/{rel}","templated":true}]}}